{"id":894,"date":"2020-01-11T17:51:21","date_gmt":"2020-01-11T16:51:21","guid":{"rendered":"https:\/\/takatoa.net\/wp\/impressum\/"},"modified":"2024-11-24T14:13:00","modified_gmt":"2024-11-24T13:13:00","slug":"impressum","status":"publish","type":"page","link":"https:\/\/takatoa.net\/qai\/impressum\/","title":{"rendered":"Impressum"},"content":{"rendered":"<div  data-label=\"Team\" data-id=\"team-large-square-section-1\" data-category=\"team\" class=\"team-large-square-section team-large-square-section-1\" id=\"team-1\" style=\"background-color: rgb(255, 255, 255); background-image: none;\" data-ovid=\"ovid-team-1-186\"> <div  class=\"gridContainer\"> <div  class=\"team-large-square-textcol dynamic-color\" data-type=\"column\"><p  class=\"\"><span  style=\"font-weight: 600;\">www.takatoa.net ist das Internetangebot von takatoa.<\/span><\/p>   <p  class=\"\">Ansprechpartner: Roland Degelmann; Hofmillerstra\u00dfe 12; 85356 Freising<\/p><p  class=\"\"><span  style=\"font-weight: 600;\">Kontakt<\/span><span  id=\"_mce_caret\" data-mce-bogus=\"1\" data-mce-type=\"format-caret\"><span  style=\"font-weight: 600;\">\ufeff<\/span><\/span><\/p><p  class=\"\">rode@takatoa.net | +49 151 23536685<\/p><p  class=\"\"><span  style=\"font-weight: 600;\">Bankverbindung \/ Steuernummer<\/span><\/p><p  class=\"\">Konto | IBAN: DE09700510030025853300 | BIC: BYLADEM1FSI<br >\nSteuer | USt-IdNr.: DE342408196<\/p><h2  class=\"\"><span  style=\"font-weight: 600;\">Personen<\/span><\/h2><\/div> <div  class=\"team-large-square-innerrow dark-text\" data-type=\"row\"> <div  class=\"team-large-square-membercol cp4cols cp6cols-tablet color7\"> <div  class=\"team-large-square-membercard\"> <div  class=\"contentswap-effect ContentSwap102\" hover-fx=\"ContentSwap102\" id=\"ContentSwap102\" is-hovered=\"1\"> <div  class=\"ContentSwap102_content initial-image\"><img  decoding=\"async\" class=\"image13\" data-size=\"800x800\" src=\"https:\/\/takatoa.net\/qai\/wp-content\/uploads\/2020\/01\/cropped-RoDe19570805_1000-1.png\"> <\/div> <div  class=\"overlay\" style=\"display: block; opacity: 1;\"><\/div> <div  class=\"swap-inner\" style=\"opacity: 1; display: block;\"> <div  class=\"ContentSwap102-center\"> <a  href=\"#\" target=\"_self\" data-reiki-hidden=\"true\" rel=\"noopener\"><i  data-cp-fa=\"true\" class=\"team-large-square-membericon fa fa-twitter color6\"><\/i><\/a> <a  href=\"#\" target=\"_self\" data-reiki-hidden=\"true\" rel=\"noopener\"><i  data-cp-fa=\"true\" class=\"team-large-square-membericon fa fa-linkedin color6\"><\/i><\/a> <a  href=\"#\" target=\"_self\" data-reiki-hidden=\"true\" rel=\"noopener\"><i  data-cp-fa=\"true\" class=\"team-large-square-membericon fa fa-dribbble color6\"><\/i><\/a> <\/div> <\/div> <\/div> <div  class=\"team-large-square-memberinfo\" data-type=\"column\"> <h3  class=\"team-large-square-membername\">rode19570805<span  id=\"_mce_caret\" data-mce-bogus=\"1\" data-mce-type=\"format-caret\"><span  style=\"color: rgb(102, 102, 102);\">\ufeff<\/span><\/span><\/h3> <h4  class=\"team-large-square-memberposition\"><span  style=\"font-family: Source Sans Pro, arial, helvetica, sans-serif; font-style: italic; color: rgb(102, 102, 102);\">Founder \/ CEO<\/span><\/h4> <p  class=\"\">Roland Degelmann<br >\nHofmillerstra\u00dfe 12<br >\n85356 FREISING<br >\ne-mail: rode@takatoa.net<br >\nhandy: +49 151 23536685<\/p> <\/div> <\/div> <\/div> <div  class=\"team-large-square-membercol cp4cols cp6cols-tablet color7\"> <div  class=\"team-large-square-membercard\"> <div  class=\"contentswap-effect ContentSwap102\" hover-fx=\"ContentSwap102\" id=\"ContentSwap102\" is-hovered=\"1\"> <div  class=\"ContentSwap102_content initial-image\"><img  decoding=\"async\" class=\"image13\" data-size=\"800x800\" src=\"https:\/\/takatoa.net\/qai\/wp-content\/uploads\/2020\/01\/cropped-Unkwown.png\"> <\/div> <div  class=\"overlay\" style=\"display: block; opacity: 1;\"><\/div> <div  class=\"swap-inner\" style=\"opacity: 1; display: block;\"> <div  class=\"ContentSwap102-center\"> <a  href=\"#\" target=\"_self\" data-reiki-hidden=\"true\" rel=\"noopener\"><i  data-cp-fa=\"true\" class=\"team-large-square-membericon fa fa-twitter color6\"><\/i><\/a> <a  href=\"#\" target=\"_self\" data-reiki-hidden=\"true\" rel=\"noopener\"><i  data-cp-fa=\"true\" class=\"team-large-square-membericon fa fa-linkedin color6\"><\/i><\/a> <a  href=\"#\" target=\"_self\" data-reiki-hidden=\"true\" rel=\"noopener\"><i  data-cp-fa=\"true\" class=\"team-large-square-membericon fa fa-dribbble color6\"><\/i><\/a> <\/div> <\/div> <\/div> <div  class=\"team-large-square-memberinfo\" data-type=\"column\"> <h3  class=\"team-large-square-membername\"><span  style=\"color: rgb(102, 102, 102);\">NN<\/span><\/h3> <h4  class=\"team-large-square-memberposition\"><span  style=\"font-weight: 600; font-family: Source Sans Pro, arial, helvetica, sans-serif; color: rgb(102, 102, 102);\">\u2013 \/ \u2013 <\/span><span  id=\"_mce_caret\" data-mce-bogus=\"1\" data-mce-type=\"format-caret\"><span  style=\"font-family: Source Sans Pro, arial, helvetica, sans-serif; font-weight: 600;\">\ufeff<\/span><\/span><span  id=\"_mce_caret\" data-mce-bogus=\"1\" data-mce-type=\"format-caret\"><span  style=\"font-weight: 600;\"><\/span><\/span><\/h4> <p  class=\"\">&nbsp;&nbsp; <\/p> <\/div> <\/div> <\/div> <div  class=\"team-large-square-membercol cp4cols cp6cols-tablet color7\"> <div  class=\"team-large-square-membercard\"> <div  class=\"contentswap-effect ContentSwap102\" hover-fx=\"ContentSwap102\" id=\"ContentSwap102\" is-hovered=\"1\"> <div  class=\"ContentSwap102_content initial-image\"><img  decoding=\"async\" class=\"image13\" data-size=\"800x800\" src=\"https:\/\/takatoa.net\/qai\/wp-content\/uploads\/2020\/01\/cropped-Unkwown.png\"> <\/div> <div  class=\"overlay\" style=\"display: block; opacity: 1;\"><\/div> <div  class=\"swap-inner\" style=\"opacity: 1; display: block;\"> <div  class=\"ContentSwap102-center\"> <a  href=\"#\" target=\"_self\" data-reiki-hidden=\"true\" rel=\"noopener\"><i  data-cp-fa=\"true\" class=\"team-large-square-membericon fa fa-twitter color6\"><\/i><\/a> <a  href=\"#\" target=\"_self\" data-reiki-hidden=\"true\" rel=\"noopener\"><i  data-cp-fa=\"true\" class=\"team-large-square-membericon fa fa-linkedin color6\"><\/i><\/a> <a  href=\"#\" target=\"_self\" data-reiki-hidden=\"true\" rel=\"noopener\"><i  data-cp-fa=\"true\" class=\"team-large-square-membericon fa fa-dribbble color6\"><\/i><\/a> <\/div> <\/div> <\/div> <div  class=\"team-large-square-memberinfo\" data-type=\"column\"> <h3  class=\"team-large-square-membername\"><span  style=\"color: rgb(102, 102, 102);\">NN<\/span><\/h3> <h4  class=\"team-large-square-memberposition\"><span  style=\"font-weight: 900; color: rgb(102, 102, 102);\">\u2013 \/ <\/span><span  id=\"_mce_caret\" data-mce-bogus=\"1\" data-mce-type=\"format-caret\"><span  style=\"color: rgb(102, 102, 102); font-weight: 900;\">\ufeff<\/span><\/span><span  style=\"font-weight: 900; color: rgb(102, 102, 102);\">\u2013<\/span><\/h4> <p  class=\"\">&nbsp;&nbsp; <\/p> <\/div> <\/div> <\/div> <\/div> <\/div><\/div><div  data-label=\"About us\" data-id=\"about-image-section-pro-1\" data-category=\"about\" class=\"about-image-section-pro about-image-section-pro-1\" id=\"about-us-1\" style=\"background-color: rgb(246, 246, 246); background-image: none;\" data-ovid=\"ovid-about-us-1-133\"> <div  class=\"\"> <div  class=\"row about-image-gridcol-pro\"> <div  class=\"about-image-textcol-pro\" data-type=\"column\"> <h2  class=\"\"><span  style=\"font-weight: 600;\"> Systeminfo <\/span><\/h2> <p  class=\"\"> takatoa.net l\u00e4uft aktuell auf Basis von <span  style=\"font-weight: 600;\">WordPress Version <\/span>\u2265<span  style=\"font-weight: 600;\">6.7 <\/span>unter Nutzung des <span  style=\"font-weight: 600;\">Theme \u201eOne Page Express PRO\u201c.<\/span><br ><span  style=\"font-weight: 600;\">Stand: @34.00.12\u201959.154@ (2024-11-24)<\/span> \n<\/p> <p  class=\"\">takatoa.net verwendet folgende <span  style=\"font-weight: 600;\">Plugins<\/span>:<br >\nAuto Translate, Custom Twitter Feeds Pro Personal, LuckyWP Cookie Notice (GDPR) und Shortcode in Menus\n<\/p><p  class=\"\">Die <span  style=\"font-weight: 600;\">\u00dcbersetzung<\/span> der Seiten durch das Plugin auto-translate erfolgt mit Hilfe von Google Translate vollst\u00e4ndig automatisch und eigenst\u00e4ndig. Eine gegebenenfalls gebotene manuelle Nachbearbeitung  der \u00dcbersetzung wird nicht durchgef\u00fchrt.&nbsp;<span  style=\"font-family: &quot;Source Sans Pro&quot;, Helvetica, Arial, sans-serif; font-size: 24px;\">Es wird auch keine&nbsp;<span  style=\"font-weight: 600;\">Nationalisierung<\/span> der Seiten vorgenommen, z.B. eine Anpassung an verschiedene Rechtvorgaben in unterschiedliche L\u00e4ndern. Die angebotene \u00dcbersetzung dient ausschlie\u00dflich dem schenllen Ersteinstieg f\u00fcr Fremdsprachige.<\/span><\/p><\/div> <div  data-type=\"column\" class=\"\">  <\/div> <\/div> <\/div> <\/div><div  id=\"cta-1\" class=\"cta-blue-section\" style=\"background-image: url(&quot;https:\/\/takatoa.net\/qai\/wp-content\/uploads\/2021\/12\/2021-12-27_shutterstock_730846417_background_1920-200.png&quot;); background-color: rgb(153, 153, 153); background-size: cover; background-position: center top;\" data-label=\"Call to action\" data-id=\"cta-blue-section\" data-category=\"cta\" data-ovid=\"ovid-cta-1-580\">\n<div  class=\"gridContainer\">\n<div  class=\"flexbox-list flexbox-list-align-center row\">\n<div  class=\"cta-blue-textcol dynamic-color\">\n<h2  class=\"cta-blue-text\"><\/h2>\n<\/div>\n<div  class=\"cta-blue-btncol\"><a  class=\"button big color7 white-text\" href=\"https:\/\/takatoa.net\/wp\/law\" target=\"_self\" rel=\"noopener noreferrer\" data-icon=\"fa-arrow-circle-right\"><span  class=\"button-icon fa fa-arrow-circle-right\"><\/span>     Datenschutzrecht <\/a><\/div>\n<\/div>\n<\/div>\n<\/div><div  data-label=\"About us\" data-id=\"about-image-section-pro\" data-category=\"about\" class=\"about-image-section-pro content-relative\" id=\"about-us-2\" style=\"background-color: rgb(255, 255, 255); background-image: none;\" data-ovid=\"ovid-about-us-2-180\"> <div  class=\"\"> <div  class=\"row about-image-gridcol-pro\"> <div  class=\"about-image-textcol-pro\" data-type=\"column\"> <h2  class=\"\"><span  style=\"font-weight: 600;\">Disclaimer<\/span><span  id=\"_mce_caret\" data-mce-bogus=\"1\" data-mce-type=\"format-caret\"><span  style=\"font-weight: 600;\">\ufeff<\/span><\/span><\/h2> <p  class=\"\">Die Inhalte der Seiten wurden mit gr\u00f6\u00dfter Sorgfalt erstellt. F\u00fcr die Richtigkeit, Vollst\u00e4ndigkeit und Aktualit\u00e4t der Inhalte kann jedoch keine Gew\u00e4hr \u00fcbernommen werden. Diensteanbieter gem\u00e4\u00df \u00a7 7 Abs.1 TMG sind f\u00fcr eigene Inhalte auf diesen Seiten nach den allgemeinen Gesetzen verantwortlich. Nach \u00a7\u00a7 8 bis 10 TMG sind Diensteanbieter jedoch nicht verpflichtet, \u00fcbermittelte oder gespeicherte fremde Informationen zu \u00fcberwachen oder nach Umst\u00e4nden zu forschen, die auf eine rechtswidrige T\u00e4tigkeit hinweisen. Verpflichtungen zur Entfernung oder Sperrung der Nutzung von Informationen nach den allgemeinen Gesetzen bleiben hiervon unber\u00fchrt. Eine diesbez\u00fcgliche Haftung ist jedoch erst ab dem Zeitpunkt der Kenntnis einer konkreten Rechtsverletzung m\u00f6glich. Bei Bekanntwerden von entsprechenden Rechtsverletzungen werden diese Inhalte umgehend entfernt.<\/p> <\/div> <div  data-type=\"column\" class=\"\">  <\/div> <\/div> <\/div> <\/div>","protected":false},"excerpt":{"rendered":"<p>www.takatoa.net ist das Internetangebot von takatoa. Ansprechpartner: Roland Degelmann; Hofmillerstra\u00dfe 12; 85356 FreisingKontakt\ufeffrode@takatoa.net | +49 151 23536685Bankverbindung \/ SteuernummerKonto | IBAN: DE09700510030025853300 | BIC: BYLADEM1FSI Steuer | USt-IdNr.: DE342408196Personen rode19570805\ufeff Founder \/ CEO Roland Degelmann Hofmillerstra\u00dfe 12 85356 FREISING e-mail: rode@takatoa.net handy: +49 151 23536685 NN \u2013 \/ \u2013 \ufeff &nbsp;&nbsp; NN \u2013 \/ \ufeff\u2013&hellip; <br \/> <a class=\"button small blue\" href=\"https:\/\/takatoa.net\/qai\/impressum\/\">Weiterlesen<\/a><\/p>\n","protected":false},"author":1,"featured_media":0,"parent":0,"menu_order":0,"comment_status":"closed","ping_status":"closed","template":"full-width-page.php","meta":{"footnotes":""},"class_list":["post-894","page","type-page","status-publish","hentry"],"_links":{"self":[{"href":"https:\/\/takatoa.net\/qai\/wp-json\/wp\/v2\/pages\/894","targetHints":{"allow":["GET"]}}],"collection":[{"href":"https:\/\/takatoa.net\/qai\/wp-json\/wp\/v2\/pages"}],"about":[{"href":"https:\/\/takatoa.net\/qai\/wp-json\/wp\/v2\/types\/page"}],"author":[{"embeddable":true,"href":"https:\/\/takatoa.net\/qai\/wp-json\/wp\/v2\/users\/1"}],"replies":[{"embeddable":true,"href":"https:\/\/takatoa.net\/qai\/wp-json\/wp\/v2\/comments?post=894"}],"version-history":[{"count":51,"href":"https:\/\/takatoa.net\/qai\/wp-json\/wp\/v2\/pages\/894\/revisions"}],"predecessor-version":[{"id":4318,"href":"https:\/\/takatoa.net\/qai\/wp-json\/wp\/v2\/pages\/894\/revisions\/4318"}],"wp:attachment":[{"href":"https:\/\/takatoa.net\/qai\/wp-json\/wp\/v2\/media?parent=894"}],"curies":[{"name":"wp","href":"https:\/\/api.w.org\/{rel}","templated":true}]}}