{"id":525,"date":"2020-01-02T12:00:15","date_gmt":"2020-01-02T11:00:15","guid":{"rendered":"https:\/\/takatoa.net\/wp\/?page_id=525"},"modified":"2025-07-05T15:41:34","modified_gmt":"2025-07-05T13:41:34","slug":"b11","status":"publish","type":"page","link":"https:\/\/takatoa.net\/qai\/home\/aside\/b11\/","title":{"rendered":"b11"},"content":{"rendered":"<div  id=\"about-us-2\" class=\"about-image-section-pro\" style=\"background-color: #f6f6f6; background-image: none;\" data-label=\"About us\" data-id=\"about-image-section-pro\" data-category=\"about\" data-ovid=\"ovid-about-us-2-212\">\n<div  class=\"gridContainer\">\n<div  class=\"row about-image-gridcol-pro\">\n<div  class=\"about-image-textcol-pro\" data-type=\"column\">\n\n<p  class=\"\"><span  style=\"font-weight: 600;\">b11 ist ein Projekt zur Simulation multistruktureller Systemabh\u00e4ngigkeiten mehrdimensionaler Objekte in mehrfachen Hyperr\u00e4umen.<\/span><\/p>\n\n<div  class=\"spacer\" data-type=\"group\"><span  class=\"fa before\"><\/span><i  class=\"fa fa-ellipsis-h color7\"><\/i><span  class=\"fa after\"><\/span><\/div><p  class=\"\">&nbsp; &nbsp;&nbsp;<span  id=\"_mce_caret\" data-mce-bogus=\"1\" data-mce-type=\"format-caret\"><span  style=\"font-family: &quot;Source Sans Pro&quot;, arial, helvetica, sans-serif; font-weight: 100;\">\ufeff<\/span><\/span><\/p>\n\n<a class=\"button big force-shadow color7\" href=\"http:\/\/www.takatoa.net\/tools\/b11\/b11.html\" target=\"_blank\" rel=\"noopener noreferrer\"><span  class=\"button-icon fa fa-arrow-circle-right\"><\/span>b11 starten \u2026<\/a><p  class=\"\">&nbsp; &nbsp;<\/p>\n<div  class=\"spacer\" data-type=\"group\"><\/div>\n<div  class=\"spacer\" data-type=\"group\"><span  class=\"fa before\"><\/span><i  class=\"fa fa-ellipsis-h color7\"><\/i><span  class=\"fa after\"><\/span><\/div>\n<h4  class=\"\"><span  style=\"color: rgb(102, 102, 102);\">Specifikationen<\/span><\/h4>\n<img  decoding=\"async\" class=\"custom-image\" src=\"https:\/\/takatoa.net\/qai\/wp-content\/uploads\/2020\/01\/b11-Field-300x1351-1.png\" alt=\"\">\n<p  class=\"\">b11 pr\u00e4sentiert sich dem Anwender regelm\u00e4\u00dfig in Form des b11-Canvas. Die Darstellung zeigt im b11-Canvas-Feld f\u00fcr jede Dimension eines jeden Objekts des aktuell zur Darstellung ausgew\u00e4hlten Space die Eigenschaften von \u201emass\u201c (rot), \u201espeed\u201c (gr\u00fcn) und \u201espin\u201c (blau). Jede dieser Eigenschaften ist beschrieben im Intervall [0..1[, wobei in 0=1 ein \u201eDimensionssprung\u201c erfolgt.<\/p>\n<p  class=\"\">Die Eigenschaften werden im Circle rechts auf dem \u00e4u\u00dfersten Ring dargestellt. Diese umgibt die erste (mittlerer Ring) und die zweite Ableitung (innerer Ring) der genannten Eigenschaften.<\/p>\n<p  class=\"\">Die f\u00fcr die einzelne Dimension aus \u201emass\u201c, \u201espeed\u201c und \u201espin\u201c gebildete Dimensionsgr\u00f6\u00dfe \u201eb\u201c wird im Circle links dargestellt. Die Werte werden ausgehend von der Horizontalen gegen bzw. mit dem Uhrzeigersinn angetragen. Die Gr\u00f6\u00dfe 1 entspricht dabei dem vollen Kreisumfang mit 2*Pi.<\/p>\n<p  class=\"\">Die Steuerung der Simulation erfolgt dadurch, dass auf die Eigenschaften \u201emass\u201c, \u201espeed\u201c und \u201espin\u201c in einer der elf Dimensionen des Objekts 1 des Hyperraums 1 eingewirkt wird. Es wird mit jedem Klick jeweils die zweite Ableitung dieser Eigenschaft vergr\u00f6\u00dfert oder verkleinert.<\/p>\n\n<div  class=\"spacer\" data-type=\"group\"><span  class=\"fa before\"><\/span><i  class=\"fa fa-ellipsis-h color7\"><\/i><span  class=\"fa after\"><\/span><\/div>\n<h4  class=\"\"><span  style=\"color: rgb(102, 102, 102);\">Screenshot mit Splashscreen<\/span><span  id=\"_mce_caret\" data-mce-bogus=\"1\" data-mce-type=\"format-caret\"><span  style=\"color: rgb(102, 102, 102);\"><\/span><\/span><span  id=\"_mce_caret\" data-mce-bogus=\"1\" data-mce-type=\"format-caret\"><span  style=\"color: rgb(102, 102, 102);\">\ufeff<\/span><\/span><\/h4>\n<img  decoding=\"async\" class=\"custom-image\" src=\"https:\/\/takatoa.net\/qai\/wp-content\/uploads\/2020\/01\/2019-02-01_b11_Screenshot_01.png\" alt=\"\">\n<p  class=\"\"><span  style=\"font-weight: 600;\">Info zu Datei-Aktivit\u00e4ten<\/span>\n&nbsp;\u2013 eigene Daten speichern \u2013 externe Daten laden \u2013 eigene Daten laden<\/p>\n<img  decoding=\"async\" class=\"custom-image\" src=\"https:\/\/takatoa.net\/qai\/wp-content\/uploads\/2020\/01\/b11_file.png\" alt=\"\">\n<p  class=\"\"><span  style=\"font-weight: 600;\">Anzeige der Objekte und Dimensionen im aktuellen Space<\/span><span  id=\"_mce_caret\" data-mce-bogus=\"1\" data-mce-type=\"format-caret\"><span  style=\"font-weight: 600;\">\ufeff<\/span><\/span><\/p>\n<img  decoding=\"async\" class=\"custom-image\" src=\"https:\/\/takatoa.net\/qai\/wp-content\/uploads\/2020\/01\/2019-02-01_b11_Screenshot_13.png\" alt=\"\">\n<p  class=\"\"><span  style=\"font-weight: 600; color: rgb(102, 102, 102);\">Steuerung von b11 \u2013 Klick<\/span><\/p>\n<img  decoding=\"async\" class=\"custom-image\" src=\"https:\/\/takatoa.net\/qai\/wp-content\/uploads\/2020\/01\/2019-02-01_b11_Screenshot_14.png\" alt=\"\">\n<p  class=\"\"><span  style=\"font-weight: 600;\">Steuerung von b11 \u2013 Dropzones<\/span><\/p>\n<img  decoding=\"async\" class=\"custom-image\" src=\"https:\/\/takatoa.net\/qai\/wp-content\/uploads\/2020\/01\/2019-02-01_b11_Screenshot_11.png\" alt=\"\">\n\n<\/div>\n<\/div>\n<\/div>\n<\/div>","protected":false},"excerpt":{"rendered":"<p>b11 ist ein Projekt zur Simulation multistruktureller Systemabh\u00e4ngigkeiten mehrdimensionaler Objekte in mehrfachen Hyperr\u00e4umen. &nbsp; &nbsp;&nbsp;\ufeff b11 starten \u2026&nbsp; &nbsp; Specifikationen b11 pr\u00e4sentiert sich dem Anwender regelm\u00e4\u00dfig in Form des b11-Canvas. Die Darstellung zeigt im b11-Canvas-Feld f\u00fcr jede Dimension eines jeden Objekts des aktuell zur Darstellung ausgew\u00e4hlten Space die Eigenschaften von \u201emass\u201c (rot), \u201espeed\u201c (gr\u00fcn) und&hellip; <br \/> <a class=\"button small blue\" href=\"https:\/\/takatoa.net\/qai\/home\/aside\/b11\/\">Weiterlesen<\/a><\/p>\n","protected":false},"author":1,"featured_media":0,"parent":501,"menu_order":0,"comment_status":"closed","ping_status":"closed","template":"full-width-page.php","meta":{"footnotes":""},"class_list":["post-525","page","type-page","status-publish","hentry"],"_links":{"self":[{"href":"https:\/\/takatoa.net\/qai\/wp-json\/wp\/v2\/pages\/525","targetHints":{"allow":["GET"]}}],"collection":[{"href":"https:\/\/takatoa.net\/qai\/wp-json\/wp\/v2\/pages"}],"about":[{"href":"https:\/\/takatoa.net\/qai\/wp-json\/wp\/v2\/types\/page"}],"author":[{"embeddable":true,"href":"https:\/\/takatoa.net\/qai\/wp-json\/wp\/v2\/users\/1"}],"replies":[{"embeddable":true,"href":"https:\/\/takatoa.net\/qai\/wp-json\/wp\/v2\/comments?post=525"}],"version-history":[{"count":41,"href":"https:\/\/takatoa.net\/qai\/wp-json\/wp\/v2\/pages\/525\/revisions"}],"predecessor-version":[{"id":4493,"href":"https:\/\/takatoa.net\/qai\/wp-json\/wp\/v2\/pages\/525\/revisions\/4493"}],"up":[{"embeddable":true,"href":"https:\/\/takatoa.net\/qai\/wp-json\/wp\/v2\/pages\/501"}],"wp:attachment":[{"href":"https:\/\/takatoa.net\/qai\/wp-json\/wp\/v2\/media?parent=525"}],"curies":[{"name":"wp","href":"https:\/\/api.w.org\/{rel}","templated":true}]}}