{"id":4402,"date":"2020-01-02T12:00:15","date_gmt":"2020-01-02T11:00:15","guid":{"rendered":"https:\/\/takatoa.net\/qai\/home\/aside\/reddtime-2\/"},"modified":"2025-10-03T14:11:00","modified_gmt":"2025-10-03T12:11:00","slug":"reddtime-2","status":"publish","type":"page","link":"https:\/\/takatoa.net\/qai\/home\/reddtime-2\/","title":{"rendered":"qLoc und qDat"},"content":{"rendered":"<script  src=\"https:\/\/www.takatoa.net\/tools\/redDTime\/redDScript.js\" \u00a0charset=\"utf-8\"><\/script><script >window.setTimeout(\"loadredDTime()\",300);<\/script><div  id=\"about-us-2\" class=\"about-image-section-pro\" style=\"background-color: #ffffff; background-image: none;\" data-label=\"About us\" data-id=\"about-image-section-pro\" data-category=\"about\" data-ovid=\"ovid-about-us-2-132\">\n<div  class=\"\">\n<div  class=\"row about-image-gridcol-pro\">\n<div  class=\"about-image-textcol-pro\" data-type=\"column\">\n\n<h3  class=\"\">Orts- und Datumscodierungen zur St\u00e4rkung der Quantendatenverarbeitung<\/h3><p  class=\"\">\n<br >Quantum Artificial Intelligence die geografische Daten zur Berechnung von Trends im Zeitverlauf oder zur Klassi\u00adfizierung von Raum-Zeit-Mustern verwendet, ben\u00f6tigt regelm\u00e4\u00dfig die Lokalisierung sowie das entsprechende Datum und die Uhrzeit als Eingabedaten. F\u00fcr die Verwendung mit Quanten\u00adhardware k\u00f6nnen herk\u00f6mmliche Koordinaten und Zeitangaben jedoch nur indirekt als Eingangs\u00addaten verwendet werden.\n<br ><br >In dem nachstehend verlinkten Arbeitspapier werden die Raum\u00adkoordinaten und die Datumswerte in Form von komplexen Zahlen beschrieben, die direkt auf ein Qubit angewendet werden k\u00f6nnen. F\u00fcr diese beiden Einheiten wurden die Begriffe qLoc und qDaT eingef\u00fchrt.\n\nAusz\u00fcge aus diesem Papier zeigt diese Seite.\n<\/p><a  class=\"button big color1\" href=\"https:\/\/takatoa.net\/qLoc-qDaT\/qLoc-qDaT.pdf\" target=\"_blank\"><span  class=\"button-icon fa fa-arrow-circle-right\"><\/span>Arbeitspapier qLoc &amp; qDaT<\/a><p  class=\"\">\n<br >Der OpenQASM-Code, der vereinfacht den nachstehenden Quanten\u00adalgorithmus implementiert, zeigt, wie die jeweiligen Real- und Imagin\u00e4rteile von qLoc und qDaT in Form von Winkel\u00adkodierungen Rx und Ry in die beiden Qubits geladen werden.<\/p><img  decoding=\"async\" class=\"custom-image\" src=\"https:\/\/takatoa.net\/qai\/wp-content\/uploads\/2025\/03\/2025-01-22_OpenQASM_IBM_01.png\" alt=\"\"><h2  class=\"\"><span  style=\"font-weight: 600;\">\n<br >Ortscodierung<\/span><\/h2>\n<p  class=\"\">\nJedes Objekt auf der Erde kann als Punkt auf dem Globus beschrieben werden. Zum Beispiel k\u00f6nnen die Hauptst\u00e4dte aller L\u00e4nder auf einem Globus mit einer Nadel markiert werden.\nZur Lokalisierung all dieser Objekte werden geografische Koordinaten\u00adsysteme (GCS) verwendet, um Standorte auf der Erdoberfl\u00e4che als Koordinaten zu messen. Die Koordinaten\u00adtabellen f\u00fcr diese Punkte \u2013 in der Abbildung beispielhaft dargestellt \u2013 verwenden eine standardisierte Form f\u00fcr die Messung und \u00dcbermittlung von Positionen auf der Erde in Form von Breiten- und L\u00e4ngengraden (Lat\/Lon).\n\n<\/p><img  decoding=\"async\" class=\"custom-image\" src=\"https:\/\/takatoa.net\/qai\/wp-content\/uploads\/2025\/03\/2025-02-28_qLocGlobe_plus.png\" alt=\"\">\n\n<div  class=\"spacer\" data-type=\"group\"><\/div>\n<p  class=\"\">\n<br >Heutige Computersysteme basieren auf der grundlegenden F\u00e4higkeit, Informationen zu speichern und zu manipulieren. <span  style=\"font-weight: 600;\">Klassische Computer<\/span> f\u00fchren logische Operationen anhand der definierten Position eines physikalischen Zustands durch. Diese sind in der Regel bin\u00e4r, was bedeutet, dass ihre Operationen auf einer von zwei Positionen basieren. Ein einzelner Zustand \u2013 z. B. ein oder aus, hoch oder runter, 1 oder 0 \u2013 wird als Bit bezeichnet.<br >\n\n<br ><span  style=\"font-weight: 600;\">Quantencomputer<\/span> hingegen f\u00fchren Berechnungen auf der Grundlage der Wahrschein\u00adlichkeit des Zustands eines Objekts durch. Sie nutzen quanten\u00admechanische Ph\u00e4nomene, um Informationen zu manipulieren. Die Informationen werden von einem zweistufigen quanten\u00admechanischen System geliefert, das als Quantenbits (Qubits) bezeichnet wird.\n<br ><br >\nDie <span  style=\"font-weight: 600;\">Bloch-Kugel<\/span> ist eine geometrische Darstellung eines Qubits, benannt nach dem schweizerisch-amerikanischen Physiker und Physik-Nobelpreistr\u00e4ger.\n<br ><br >\n<span  style=\"font-weight: 600;\">Um die Koordinaten eines geographischen Koordinaten\u00adsystems in die Strukturen einer Bloch-Kugel umzuwandeln, werden die Lat\/Lon-Werte in sph\u00e4rische Koordinaten und dann, nach einer Normalisierung, in komplexe Zahlwerte f\u00fcr die Bloch-Kugel umgerechnet.\n<\/span><br ><br >\n<\/p>\n\n<img  decoding=\"async\" class=\"custom-image\" src=\"https:\/\/takatoa.net\/qai\/wp-content\/uploads\/2025\/03\/2025-01-10_qLocTabelle_output.png\" alt=\"\"><p  class=\"\">\n<br >qLoc f\u00fcr die Hauptstadt von Deutschland Berlin sieht wie folgt aus.\n<\/p><img  decoding=\"async\" class=\"custom-image\" src=\"https:\/\/takatoa.net\/qai\/wp-content\/uploads\/2025\/03\/2025-01-15_qLoc_img_1920-200.jpg\" alt=\"\"><p  class=\"\">\n<br >Die Zusammenf\u00fchrung von Daten \u00fcber Indizes wird in diesem System komplexer Zahlen dadurch unterst\u00fctzt, dass dies durch Abschneiden der Nachkomma\u00adstellen des Real- und Imagin\u00e4rteils der Zahl erfolgen kann.\n<\/p><img  decoding=\"async\" class=\"custom-image\" src=\"https:\/\/takatoa.net\/qai\/wp-content\/uploads\/2025\/03\/2025-02-28_qLoc_Bloch_plus.png\" alt=\"\"><div  class=\"\"><\/div>\n\n\n\n<h2  class=\"\"><span  style=\"font-weight: 600;\">\n<br >Datumscodierung\n<\/span><\/h2><p  class=\"\">Um eine Beschreibung f\u00fcr die Referenz von Datum und Zeit in \u00dcbereinstimmung mit der quanten\u00adorientierten Lokalisierung als komplexe Zahl zu erhalten, erfolgt eine Berechnung, die die vergangenen Tage ausgehend von einem Referenzdatum z\u00e4hlt und eine Teilung in 100.000 Einheiten f\u00fcr einen einzelnen Tag verwendet.<br >\nDas zugeh\u00f6rige Referenzdatum ist die gemeinsame Ver\u00f6ffentlichung von Max Born, Werner Heisenberg und Pascual Jordan mit dem Titel \u201eOn Quantum Mechanics II\u201c, die am 16. November 1925 vorgelegt wurde. \n<br ><br >Die entsprechende Umwandlung von Datumswerten in eine komplexe Zahl ergibt f\u00fcr den 13. Januar 2024 um&nbsp; 15:40:13 Uhr folgenden Wert:\n<\/p><img  decoding=\"async\" class=\"custom-image\" src=\"https:\/\/takatoa.net\/qai\/wp-content\/uploads\/2025\/03\/2025-01-15_qDaT_img_1920-200.jpg\" alt=\"\"><\/div>\n<\/div>\n<\/div>\n<\/div><div  id=\"cta-1\" class=\"cta-blue-section dark-text-section\" style=\"background-image: url(&quot;https:\/\/takatoa.net\/qai\/wp-content\/uploads\/2021\/12\/2021-12-27_shutterstock_730846417_background_1920-200.png&quot;); background-color: rgb(153, 153, 153); background-size: cover; background-position: center top;\" data-label=\"Call to action\" data-id=\"cta-blue-section\" data-category=\"cta\" data-ovid=\"ovid-cta-1-2827\">\n<div  class=\"gridContainer\">\n<div  class=\"flexbox-list flexbox-list-align-center row\">\n<div  class=\"cta-blue-textcol dynamic-color\">\n<h2  class=\"cta-blue-text\"><span  style=\"font-weight: 600;\"><b  class=\"element2\">Code zu qLoc-qDaT: <\/b><\/span><span  id=\"_mce_caret\" data-mce-bogus=\"1\" data-mce-type=\"format-caret\"><span  style=\"font-family: arial black, sans-serif; font-weight: 600;\">\ufeff<\/span><\/span><\/h2>\n<\/div>\n<div  class=\"cta-blue-btncol\"><a  class=\"button big color7 white-text\" href=\"https:\/\/github.com\/RoDe19570805\" target=\"_blank\" rel=\"noopener noreferrer\" download=\"http:\/\/www.takatoa.net\/tools\/redDTime\/redDScript.zip\" data-icon=\"fa-arrow-circle-right\"><span  class=\"button-icon fa fa-arrow-circle-right\"><\/span> Github <\/a><\/div>\n<\/div>\n<\/div>\n<\/div>","protected":false},"excerpt":{"rendered":"<p>Orts- und Datumscodierungen zur St\u00e4rkung der Quantendatenverarbeitung Quantum Artificial Intelligence die geografische Daten zur Berechnung von Trends im Zeitverlauf oder zur Klassi\u00adfizierung von Raum-Zeit-Mustern verwendet, ben\u00f6tigt regelm\u00e4\u00dfig die Lokalisierung sowie das entsprechende Datum und die Uhrzeit als Eingabedaten. F\u00fcr die Verwendung mit Quanten\u00adhardware k\u00f6nnen herk\u00f6mmliche Koordinaten und Zeitangaben jedoch nur indirekt als Eingangs\u00addaten verwendet werden.&hellip; <br \/> <a class=\"button small blue\" href=\"https:\/\/takatoa.net\/qai\/home\/reddtime-2\/\">Weiterlesen<\/a><\/p>\n","protected":false},"author":1,"featured_media":0,"parent":37,"menu_order":0,"comment_status":"closed","ping_status":"closed","template":"full-width-page.php","meta":{"footnotes":""},"class_list":["post-4402","page","type-page","status-publish","hentry"],"_links":{"self":[{"href":"https:\/\/takatoa.net\/qai\/wp-json\/wp\/v2\/pages\/4402","targetHints":{"allow":["GET"]}}],"collection":[{"href":"https:\/\/takatoa.net\/qai\/wp-json\/wp\/v2\/pages"}],"about":[{"href":"https:\/\/takatoa.net\/qai\/wp-json\/wp\/v2\/types\/page"}],"author":[{"embeddable":true,"href":"https:\/\/takatoa.net\/qai\/wp-json\/wp\/v2\/users\/1"}],"replies":[{"embeddable":true,"href":"https:\/\/takatoa.net\/qai\/wp-json\/wp\/v2\/comments?post=4402"}],"version-history":[{"count":22,"href":"https:\/\/takatoa.net\/qai\/wp-json\/wp\/v2\/pages\/4402\/revisions"}],"predecessor-version":[{"id":4551,"href":"https:\/\/takatoa.net\/qai\/wp-json\/wp\/v2\/pages\/4402\/revisions\/4551"}],"up":[{"embeddable":true,"href":"https:\/\/takatoa.net\/qai\/wp-json\/wp\/v2\/pages\/37"}],"wp:attachment":[{"href":"https:\/\/takatoa.net\/qai\/wp-json\/wp\/v2\/media?parent=4402"}],"curies":[{"name":"wp","href":"https:\/\/api.w.org\/{rel}","templated":true}]}}