{"id":3985,"date":"2024-01-02T12:00:15","date_gmt":"2024-01-02T11:00:15","guid":{"rendered":"https:\/\/takatoa.net\/qai\/home\/qai\/events-2\/"},"modified":"2024-02-27T12:49:28","modified_gmt":"2024-02-27T11:49:28","slug":"demonstrator","status":"publish","type":"page","link":"https:\/\/takatoa.net\/qai\/home\/qugpt\/demonstrator\/","title":{"rendered":"Demonstrator"},"content":{"rendered":"<div  id=\"about-us-2\" class=\"about-image-section-pro\" style=\"background-color: rgb(255, 255, 255); background-image: none;\" data-label=\"About us\" data-id=\"about-image-section-pro\" data-category=\"about\" data-ovid=\"ovid-about-us-2-212\">\n<div  class=\"\">\n<div  class=\"row about-image-gridcol-pro\">\n<div  class=\"about-image-textcol-pro\" data-type=\"column\">\n\n\n\n<h4  class=\"\"><span  style=\"font-weight: 300;\">Die grundlagenorientierten Entwicklungen im Bereich des Quanten Computings und der Quantum Artificial Intelligence haben in den vergangenen Monaten deutlich an Fahrt zugelegt. So werden sich in n\u00e4chster Zeit auch immer mehr Nutzergruppen mit fachaufgaben\u00adbezogenen Fragestellungen diesem Thema n\u00e4hern, die kein allgemein forschungs\u00adgetriebenes Interesse an der Quantentechnik haben, sondern deren Vorteile f\u00fcr ihre Arbeit unmittelbar zum Einsatz bringen wollen.\n\n\n<\/span><br ><span  style=\"font-weight: 600;\">\nDer hier vorgestellte Demonstartor zeigt, wie k\u00fcnftig im Bereich der Quantum Artificial Intelligence an Real-World-Fragestellungen gearbeitet werden kann.<\/span><\/h4>\n\n\n<div  class=\"spacer\" data-type=\"group\"><\/div>\n\n\n\n\n\n\n\n\n\n\n\n\n\n\n\n\n\n\n\n\n<\/div>\n<\/div>\n<\/div>\n<\/div><div  data-label=\"Content\" data-id=\"content-image-right-1\" data-category=\"content\" class=\"content-right-image-section content-image-right-1\" id=\"content-1\" style=\"background-color: rgb(214, 214, 214); background-image: none;\" data-ovid=\"ovid-content-1-1934\"> <div  class=\"gridContainer\"> <div  class=\"content-right-image-gridcol\"> <div  class=\"content-right-image-textcol dynamic-color\" data-type=\"column\"> <h2  class=\"\"><span  style=\"font-weight: 600;\">Login<\/span><\/h2> <p  class=\"large_text\">Der Demonstrator ist eine <span  style=\"font-weight: 600;\">webbasierte Anwendung<\/span>. Ausschlie\u00dflich der Zugriff&nbsp;<span  style=\"font-family: &quot;Source Sans Pro&quot;, Helvetica, Arial, sans-serif; font-size: 26.64px;\">auf diese&nbsp;<span  style=\"font-family: &quot;Source Sans Pro&quot;, Helvetica, Arial, sans-serif; font-size: 26.64px;\">bedarf einer&nbsp;<\/span>zentral Anmeldung<\/span>.<\/p>  <img  decoding=\"async\" class=\"custom-image\" src=\"https:\/\/takatoa.net\/qai\/wp-content\/uploads\/2024\/01\/2024-01-27_QAIaas_Demonstrator_Login.png\" alt=\"\"><p  class=\"\">Der Nutzer wird dann schrittweise durch die einzelnen Bearbeitungs\u00adbereiche der Anwendung gef\u00fchrt.&nbsp;<\/p><img  decoding=\"async\" class=\"custom-image\" src=\"https:\/\/takatoa.net\/qai\/wp-content\/uploads\/2024\/02\/2024-01-27_QAIaas_Demonstrator_Sys00.png\" alt=\"\"><\/div> <div  class=\"content-right-image-imgcol\" data-type=\"column\"> <p  class=\"\"><br >Die in der Anwendung definierten Inhalte werden beim Benutzer gespeichert und&nbsp;<span  style=\"font-family: &quot;Source Sans Pro&quot;, Helvetica, Arial, sans-serif; font-size: 24px;\">k\u00f6nnen&nbsp;<\/span>von dort geladen werden . \n<br >Damit&nbsp;<span  style=\"font-weight: 600;\"><span  style=\"font-family: &quot;Source Sans Pro&quot;, Helvetica, Arial, sans-serif; font-size: 24px;\">beh\u00e4lt&nbsp;der Nutzer&nbsp;<\/span>die vollst\u00e4ndige Hoheit \u00fcber und damit auch Verantwortung f\u00fcr die Strukturdaten<\/span> des&nbsp;<span  style=\"font-family: &quot;Source Sans Pro&quot;, Helvetica, Arial, sans-serif; font-size: 24px;\">von ihm&nbsp;<\/span>definierten Systems.&nbsp;\n<br >Unabh\u00e4ngig davon <span  style=\"font-weight: 600;\">k\u00f6nnen<\/span> nach Bedarf die Daten auch als Teil der Nutzerinformation&nbsp;<span  style=\"font-family: &quot;Source Sans Pro&quot;, Helvetica, Arial, sans-serif; font-size: 24px;\">verschl\u00fcsselt&nbsp;<\/span>hinterlegt werden.<\/p> <img  decoding=\"async\" class=\"custom-image\" src=\"https:\/\/takatoa.net\/qai\/wp-content\/uploads\/2024\/01\/2024-01-27_QAIaas_Demonstrator_Nutzer.png\" alt=\"\"><p  class=\"\">Auf der&nbsp;<span  style=\"font-family: &quot;Source Sans Pro&quot;, Helvetica, Arial, sans-serif; font-size: 24px;\">Seite&nbsp;\u201e<\/span>Benutzer\u201c erh\u00e4lt der Anwender einen \u00dcberblick auf die von ihm durchgef\u00fchrten Aktivit\u00e4ten.<\/p><\/div> <\/div> <\/div> <\/div><div  data-label=\"Content\" data-id=\"content-image-left\" data-category=\"content\" class=\"content-left-image-section content-image-left\" id=\"content-3\" style=\"background-color: rgb(255, 255, 255); background-image: none;\" data-ovid=\"ovid-content-3-1579\"> <div  class=\"gridContainer\"> <div  class=\"row\"> <div  class=\"content-left-image-imgcol\" data-type=\"column\"> <h2  class=\"\"><span  style=\"font-weight: 600;\">System\u00addefinition<\/span><\/h2> <p  class=\"\">Im Rahmen der Systemdefinition wird festgelegt auf welcher Hardware Training und Berechnung durchgef\u00fchrt werden soll. Der Nutzer ben\u00f6tigt dazu gegebenenfalls eine eigene Zugriffs\u00adberechti\u00adgung auf die jeweilige Hardware, f\u00fcr die er auch m\u00f6gliche Kosten zu tragen hat.&nbsp;<\/p><img  decoding=\"async\" class=\"custom-image\" src=\"https:\/\/takatoa.net\/qai\/wp-content\/uploads\/2024\/01\/2024-01-27_QAIaas_Demonstrator_Sys01.png\" alt=\"\"><p  class=\"\">Zur Systemdefinition geh\u00f6rt auch die Festlegung der Struktur des Neuronalen Netzes.&nbsp;<\/p><img  decoding=\"async\" class=\"custom-image\" src=\"https:\/\/takatoa.net\/qai\/wp-content\/uploads\/2024\/02\/2024-01-27_QAIaas_Demonstrator_Sys02.png\" alt=\"\"><\/div> <div  class=\"content-left-image-textcol dynamic-color\" data-type=\"column\"> <p  class=\"\"><br >Die Eingangs- und Parameterdaten werden \u00fcber textbasierte Dateien zugef\u00fchrt.&nbsp;<\/p><img  decoding=\"async\" class=\"custom-image\" src=\"https:\/\/takatoa.net\/qai\/wp-content\/uploads\/2024\/01\/2024-01-27_QAIaas_Demonstrator_Sys03.png\" alt=\"\"> <p  class=\"large_text\">Die Trainingsparameter k\u00f6nnen unmittelbar nachgesteuert werden, um auch Parameterstudien durchf\u00fchren zu k\u00f6nnen.&nbsp;<\/p>  <img  decoding=\"async\" class=\"custom-image\" src=\"https:\/\/takatoa.net\/qai\/wp-content\/uploads\/2024\/02\/2024-01-27_QAIaas_Demonstrator_Sys04.png\" alt=\"\"><p  class=\"\">\n<br >Im Demonstrator wird f\u00fcr Training und Berechnung ein <span  style=\"font-weight: 600;\">Dissipative Perceptron-Based Quantum Neural Network (DPBQNN)<\/span> verwendet.<\/p><\/div> <\/div> <\/div> <\/div><div  data-label=\"Content\" data-id=\"content-image-right\" data-category=\"content\" class=\"content-right-image-section content-image-right\" id=\"content-4\" style=\"background-color: rgb(214, 214, 214); background-image: none;\" data-ovid=\"ovid-content-4-982\"> <div  class=\"gridContainer\"> <div  class=\"content-right-image-gridcol\"> <div  class=\"content-right-image-textcol dynamic-color\" data-type=\"column\"> <h2  class=\"\"><span  style=\"font-weight: 600;\">Training<\/span><\/h2> <p  class=\"large_text\">Das Training des QAI-Systems wird angesto\u00dfen und kann dann im aktuellen Status verfolgt werden.&nbsp;&nbsp;<\/p>  <img  decoding=\"async\" class=\"custom-image\" src=\"https:\/\/takatoa.net\/qai\/wp-content\/uploads\/2024\/02\/2024-01-27_QAIaas_Demonstrator_Sys05.png\" alt=\"\"><\/div> <div  class=\"content-right-image-imgcol\" data-type=\"column\"> <p  class=\"\">&nbsp; &nbsp;<\/p><img  decoding=\"async\" src=\"https:\/\/takatoa.net\/qai\/wp-content\/uploads\/2024\/02\/2024-01-27_QAIaas_Demonstrator_Sys06.png\" class=\"\" alt=\"\"> <p  class=\"\">\n<br >Das Ergebnis wird mit seiner Hauptentwicklung&nbsp; protokolliert und angezeigt. Weitere Trainingsergebnisse k\u00f6nnen erg\u00e4nzend heruntergeladen werden.<\/p><\/div> <\/div> <\/div> <\/div><div  data-label=\"Content\" data-id=\"content-image-right-2\" data-category=\"content\" class=\"content-right-image-section content-image-right-2\" id=\"content-2\" style=\"background-color: rgb(255, 255, 255); background-image: none;\" data-ovid=\"ovid-content-2-1725\"> <div  class=\"gridContainer\"> <div  class=\"content-right-image-gridcol\"> <div  class=\"content-right-image-textcol dynamic-color\" data-type=\"column\"> <h2  class=\"\"><span  style=\"font-weight: 600;\">Berechnung<\/span><\/h2> <p  class=\"large_text\"> Nach erfolgtem Training kann das System f\u00fcr Berechnungen herangezogen werden. Dazu werden dem System entsprechnde Eingabedaten zugef\u00fchrt.\n<\/p>  <img  decoding=\"async\" class=\"custom-image\" src=\"https:\/\/takatoa.net\/qai\/wp-content\/uploads\/2024\/02\/2024-01-27_QAIaas_Demonstrator_Sys07.png\" alt=\"\"><\/div> <div  class=\"content-right-image-imgcol\" data-type=\"column\"> <p  class=\"\">&nbsp; &nbsp;<\/p><img  decoding=\"async\" src=\"https:\/\/takatoa.net\/qai\/wp-content\/uploads\/2024\/02\/2024-01-27_QAIaas_Demonstrator_Sys08.png\" class=\"\" alt=\"\"> <p  class=\"\">\n<br >im Rahmen eines Postprocessings k\u00f6nnen die Berechnungs\u00adergebnisse aus den verwendeten (georeferenzierten) Daten in Karten\u00adinforma\u00adtionen zur\u00fcck \u00fcbertragen werden.&nbsp;<\/p><\/div> <\/div> <\/div> <\/div><div  data-label=\"Content\" data-id=\"content-image-right-3\" data-category=\"content\" class=\"content-right-image-section content-image-right-3\" id=\"content-5\" style=\"background-color: rgb(214, 214, 214); background-image: none;\" data-ovid=\"ovid-content-5-3396\"> <div  class=\"gridContainer\"> <div  class=\"content-right-image-gridcol\"> <div  class=\"content-right-image-textcol dynamic-color\" data-type=\"column\"> <h2  class=\"\"><span  style=\"font-weight: 600;\">Daten\u00advor\u00adbereitung&nbsp;<\/span><\/h2> <p  class=\"large_text\"> Systeme im Bereich der <span  style=\"font-weight: 600;\">Quantum Artificial Intelligence<\/span> verwenden f\u00fcr optimale Rechenl\u00e4ufe entsprechend vorbereitete, <span  style=\"font-weight: 600;\">quantenstrukturierte Input-Daten<\/span>. Da diese regelm\u00e4\u00dfig&nbsp;<span  style=\"font-family: &quot;Source Sans Pro&quot;, Helvetica, Arial, sans-serif; font-size: 26.64px;\">nicht&nbsp;<\/span>unmittelbar zur Verf\u00fcgung stehen, m\u00fcssen sie im Rahmen eines Preprocessings entsprechnd aufbereitet werden.\n<br >Der Demonstartor zeigt auch hier L\u00f6sungsans\u00e4tze, wie ein solche Datenvorbereitung m\u00f6glichst benutzerfreundlich angeboten werden kann.\n<\/p>  <img  decoding=\"async\" class=\"custom-image\" src=\"https:\/\/takatoa.net\/qai\/wp-content\/uploads\/2024\/01\/2024-01-27_QAIaas_Demonstrator_DQGis.png\" alt=\"\"><\/div> <div  class=\"content-right-image-imgcol\" data-type=\"column\"> <p  class=\"\"><\/p><img  decoding=\"async\" src=\"https:\/\/takatoa.net\/qai\/wp-content\/uploads\/2024\/01\/2024-01-27_QAIaas_Demonstrator_DQArchiv.png\" class=\"\" alt=\"\"> <p  class=\"\">\n<br >Im Hinblick auf den <span  style=\"font-weight: 600;\">von takatoa gew\u00e4hlten Schwerpunkt der Geodatennutzung<\/span> sind im Demonstr<span  style=\"font-family: &quot;Source Sans Pro&quot;, Helvetica, Arial, sans-serif; font-size: 24px;\">a<\/span>tor L\u00f6sungs\u00adans\u00e4tze zur Datennutzung aus verschiedenen Geo\u00adinforma\u00adtions\u00adsystemenund aus Bildarchiven gezeigt. \n<br >Dar\u00fcberhinaus kann eine Vorbereitung f\u00fcr Datenbankdaten oder einfachen Listen erfolgen.&nbsp;<\/p><\/div> <\/div> <\/div> <\/div><div  data-label=\"Content\" data-id=\"content-image-right-4\" data-category=\"content\" class=\"content-right-image-section content-image-right-4\" id=\"content-6\" style=\"background-color: rgb(246, 246, 246);\"> <div  class=\"gridContainer\"> <div  class=\"content-right-image-gridcol\"> <div  class=\"content-right-image-textcol dynamic-color\" data-type=\"column\"> <h2  class=\"\"><span  style=\"font-weight: 600;\">Dashboard<\/span><\/h2> <p  class=\"large_text\"> \n<br >Als Hintergrundinformation ist in den Demonstrator auch die Aufbereitung einiger allgemeiner Daten zur Nutzung des Quantum Computings in Form eines Dashboards eingef\u00fcgt.&nbsp;<\/p>  <\/div> <div  class=\"content-right-image-imgcol\" data-type=\"column\"> <p  class=\"\">&nbsp; &nbsp;<\/p><img  decoding=\"async\" src=\"https:\/\/takatoa.net\/qai\/wp-content\/uploads\/2024\/01\/2024-01-27_QAIaas_Demonstrator_Dashboard.png\" class=\"\" alt=\"\"> <\/div> <\/div> <\/div> <\/div><div  data-label=\"Content\" data-id=\"content-image-left-1\" data-category=\"content\" class=\"content-left-image-section content-image-left-1\" id=\"content-7\" style=\"background-color: rgb(214, 214, 214); background-image: none;\" data-ovid=\"ovid-content-7-2783\"> <div  class=\"gridContainer\"> <div  class=\"row\"> <div  class=\"content-left-image-imgcol\" data-type=\"column\"> <img  decoding=\"async\" src=\"https:\/\/takatoa.net\/qai\/wp-content\/uploads\/2024\/02\/2024-01-27_QAIaas_Demonstrator_Zugang.png\" class=\"\" alt=\"\"> <\/div> <div  class=\"content-left-image-textcol dynamic-color\" data-type=\"column\"> <h2  class=\"\"><span  style=\"font-weight: 600;\">Produkt\u00adzugang<\/span><\/h2> <p  class=\"large_text\"> \n<br >Unabh\u00e4ngig von der Tasache, dass es sich bei dem Demonstrator nicht um ein marktfertiges Produkt handelt, zeigt er auch, wie eine Verrechnung der Nutzung des dienstebasierten Systems auch kostenseitig abgewickelt werden kann.&nbsp;\n<\/p>  <\/div> <\/div> <\/div> <\/div><div  data-label=\"About us\" data-id=\"about-image-section-pro-1\" data-category=\"about\" class=\"about-image-section-pro about-image-section-pro-1\" id=\"about-us-1\" style=\"background-color: rgb(255, 255, 255); background-image: none;\" data-ovid=\"ovid-about-us-1-1937\"> <div  class=\"gridContainer\"> <div  class=\"row about-image-gridcol-pro\"> <div  class=\"about-image-textcol-pro\" data-type=\"column\">   <\/div> <div  data-type=\"column\" class=\"\"> <h2  class=\"\"><span  style=\"font-weight: 600;\">Warum der Demonstrator?<\/span><\/h2><p  class=\"\">\n<br >Arbeiten im Bereich des Quanten Computings werden heute zu einem Gro\u00dfteil als Machbarkeits\u00adstudien unter \u201eLabor\u00adbedin\u00adgungen\u201c erstellt. Das hei\u00dft, es werden Quanten\u00adsysteme definiert und ausgetestet, die regelm\u00e4\u00dfig mit den verf\u00fcgbaren Programmier\u00adwerk\u00adzeugen auf unmittel\u00adbarer Softwareentwickler-Umgebungen bearbeitet werden.\n<br ><br >Dar\u00fcber hinaus kommen im Wesentlichen Standard\u00addatens\u00e4tze als Unter\u00adsuchungsgrundlage zum Einsatz. Zum Beispiel der in den 1990er Jahren am Courant Institute of Mathematical Sciences der New York University erstellte MNIST-Datensatz. Diese Heran\u00adgehens\u00adweise liefert eine hohe Vergleich\u00adbakeit der verschiedenen Ans\u00e4tze, erreicht aber nur begrenzt existierende Fragestellungen von Real-World-Themen.\n<br ><br >\nF\u00fcr den letztgenannten Bereich bedarf es bei der Bereitstellung von Werkzeugen der Erf\u00fcllung von Anforderungen, die einen entsprechenden Nutzer ins Zentrum der Betrachtungen stellt. Der Principal Research Scientist von IBM, Paul Nation, hat im Rahmen des IBM Quantum Summit 2023 dazu das Berufsfeld des Quantum Computational Scientists beschrieben, das sich von Aufgabenstellungen in der Grundlagenforschung deutlich abgrenzt. Nation  sagt:\n<br ><br >\n<span  style=\"font-weight: 600;\">\u201eEin Quantum Computational Scientist ist nicht an der Quantenmaschine selbst interessiert, sondern an der Nutzung der Maschine zur L\u00f6sung eines bestimmten Rechenproblems.\u201c<\/span>\n<br ><br >\nF\u00fcr solche Nutzer liefert der Demonstrator einen Einblick in k\u00fcnftige Anwendungsstrukturen des Quantum Computings.<\/p> <\/div> <\/div> <\/div> <\/div>","protected":false},"excerpt":{"rendered":"<p>Die grundlagenorientierten Entwicklungen im Bereich des Quanten Computings und der Quantum Artificial Intelligence haben in den vergangenen Monaten deutlich an Fahrt zugelegt. So werden sich in n\u00e4chster Zeit auch immer mehr Nutzergruppen mit fachaufgaben\u00adbezogenen Fragestellungen diesem Thema n\u00e4hern, die kein allgemein forschungs\u00adgetriebenes Interesse an der Quantentechnik haben, sondern deren Vorteile f\u00fcr ihre Arbeit unmittelbar zum&hellip; <br \/> <a class=\"button small blue\" href=\"https:\/\/takatoa.net\/qai\/home\/qugpt\/demonstrator\/\">Weiterlesen<\/a><\/p>\n","protected":false},"author":1,"featured_media":0,"parent":2934,"menu_order":0,"comment_status":"closed","ping_status":"closed","template":"full-width-page.php","meta":{"footnotes":""},"class_list":["post-3985","page","type-page","status-publish","hentry"],"_links":{"self":[{"href":"https:\/\/takatoa.net\/qai\/wp-json\/wp\/v2\/pages\/3985","targetHints":{"allow":["GET"]}}],"collection":[{"href":"https:\/\/takatoa.net\/qai\/wp-json\/wp\/v2\/pages"}],"about":[{"href":"https:\/\/takatoa.net\/qai\/wp-json\/wp\/v2\/types\/page"}],"author":[{"embeddable":true,"href":"https:\/\/takatoa.net\/qai\/wp-json\/wp\/v2\/users\/1"}],"replies":[{"embeddable":true,"href":"https:\/\/takatoa.net\/qai\/wp-json\/wp\/v2\/comments?post=3985"}],"version-history":[{"count":29,"href":"https:\/\/takatoa.net\/qai\/wp-json\/wp\/v2\/pages\/3985\/revisions"}],"predecessor-version":[{"id":4097,"href":"https:\/\/takatoa.net\/qai\/wp-json\/wp\/v2\/pages\/3985\/revisions\/4097"}],"up":[{"embeddable":true,"href":"https:\/\/takatoa.net\/qai\/wp-json\/wp\/v2\/pages\/2934"}],"wp:attachment":[{"href":"https:\/\/takatoa.net\/qai\/wp-json\/wp\/v2\/media?parent=3985"}],"curies":[{"name":"wp","href":"https:\/\/api.w.org\/{rel}","templated":true}]}}