{"id":3034,"date":"2020-01-02T12:00:15","date_gmt":"2020-01-02T11:00:15","guid":{"rendered":"https:\/\/takatoa.net\/qai\/home\/aside1\/b11-2\/"},"modified":"2025-07-05T15:47:22","modified_gmt":"2025-07-05T13:47:22","slug":"quasi","status":"publish","type":"page","link":"https:\/\/takatoa.net\/qai\/home\/aside\/quasi\/","title":{"rendered":"quasi"},"content":{"rendered":"<div  id=\"about-us-2\" class=\"about-image-section-pro\" style=\"background-color: rgb(255, 255, 255); background-image: none;\" data-label=\"About us\" data-id=\"about-image-section-pro\" data-category=\"about\" data-ovid=\"ovid-about-us-2-212\">\n<div  class=\"gridContainer\">\n<div  class=\"row about-image-gridcol-pro\">\n<div  class=\"about-image-textcol-pro\" data-type=\"column\">\n<h2  class=\"\"><span  style=\"font-weight: 600; color: rgb(102, 102, 102); font-family: Source Sans Pro, arial, helvetica, sans-serif;\">RasQberry Quanten\u00adsimulator<\/span><span  id=\"_mce_caret\" data-mce-bogus=\"1\" data-mce-type=\"format-caret\"><span  style=\"color: rgb(51, 51, 51);\"><\/span><\/span><\/h2><p  class=\"\">Das auf der Quantenmechanik basierende Quanten\u00adcomputing bietet das Potenzial f\u00fcr Anwendungen, die mit klassischen Computern nicht realisierbar sind. Allerdings ist die Technik selbst f\u00fcr viele IT-Experten schwierig zu verstehen. Neue Algorithmen und eine neue Art des Denkens sind erforderlich, um die m\u00f6gliche Leistung der kommenden Quanten\u00ad\u00adcomputer auszusch\u00f6pfen. Dies verlangt auch neue Ans\u00e4tze, Quantencomputing anschaulich und verst\u00e4ndlich zu erkl\u00e4ren.<br >\n<br >M\u00f6glichkeiten sich der neuen Technik zu n\u00e4hern, sie zu verstehen und daf\u00fcr zu entwickeln gibt es viele. Einen Zugang liefert <span  style=\"font-weight: 600;\">Jan-Rainer Lahmann<\/span>s <span  style=\"font-weight: 600;\">RasQberry<\/span>.\n<br >&nbsp; &nbsp;<\/p><img decoding=\"async\"  class=\"custom-image\" src=\"https:\/\/takatoa.net\/qai\/wp-content\/uploads\/2022\/08\/2022-08-10_RasQberry.png\" alt=\"\">\n<p  class=\"\"><br >RasQberry ist ein auf Raspberry Pi Basis betriebener Quantensimulator. Er ist ein funktionsf\u00e4higes Modell des IBM Q System One Quanten\u00adcomputers, basierend auf einem Raspberry Pi 4b Minicomputer und Qiskit, dem IBM Open Source Quantum Programmier\u00adframework. Als Geh\u00e4use f\u00fcr RasQberry dient ein 3D gedrucktes Modell des IBM Q System One.\n<\/p>\n\n\n\n\n<div  class=\"spacer\" data-type=\"group\"><\/div>\n<div  class=\"spacer\" data-type=\"group\"><span  class=\"fa before\"><\/span><i  class=\"fa fa-ellipsis-h color7\"><\/i><span  class=\"fa after\"><\/span><\/div>\n<h4  class=\"\"><span  style=\"color: rgb(102, 102, 102);\"><br >Realisierung<\/span><\/h4>\n\n<p  class=\"\">takatoa hat einen RasQberry Simulator mit 4\u2033 Bildschirm und LED-Ring zusammen\u00adgebaut und das System mit seinen verschiedenen M\u00f6glichkeiten durchgetestet.&nbsp;<\/p>\n\n\n\n\n\n\n\n\n\n\n\n\n\n\n\n\n<\/div>\n<\/div>\n<\/div>\n<\/div><div  data-label=\"Overlapable\" data-id=\"stripped-features-image-cards-section\" data-category=\"overlapable\" data-=\"\" class=\"features-image-cards-section stripped-features-image-cards-section\" data-overlap=\"true\" id=\"overlapable-3\" style=\"background-color: rgb(255, 255, 255); background-image: none;\" data-ovid=\"ovid-overlapable-3-2186\"> <div  class=\"gridContainer\"> <div  class=\"features-image-cards-innerrow flexbox-list\" data-type=\"row\"> <div  class=\"features-image-cards-cardcol cp6cols-tablet cp3cols\"> <div  class=\"features-image-cards-cardrow\"><img decoding=\"async\"  class=\"features-image-cards-featimg\" src=\"https:\/\/takatoa.net\/qai\/wp-content\/uploads\/2022\/08\/2022-08-10_RasQberry_LOgIn.png\" alt=\"\"> <div  class=\"features-image-cards-cardtextrow\" data-type=\"column\"> <h4  class=\"\">Ressourcen&nbsp;<\/h4> <p  class=\"\">Erreichbar sind f\u00fcr angmeldete Nutzer die verschiedenen Quanten-Prozessoren und die daf\u00fcr von IBM in Qiskit definierten Strukturen.&nbsp; &nbsp;<\/p>  <\/div> <\/div> <\/div> <div  class=\"features-image-cards-cardcol cp6cols-tablet cp3cols\"> <div  class=\"features-image-cards-cardrow\"><img decoding=\"async\"  class=\"features-image-cards-featimg\" src=\"https:\/\/takatoa.net\/qai\/wp-content\/uploads\/2022\/08\/2022-08-10_RasQberry_LSTM.png\" alt=\"\"> <div  class=\"features-image-cards-cardtextrow\" data-type=\"column\"> <h4  class=\"\">IBM Composer<\/h4> <p  class=\"\">Im Composer sind sind eigene Strukturen definierbar und sowohl in der Simulation wie auf der Quanten\u00adhardware&nbsp; berechenbar.&nbsp;<\/p>  <\/div> <\/div> <\/div> <div  class=\"features-image-cards-cardcol cp6cols-tablet cp3cols\"> <div  class=\"features-image-cards-cardrow\"><img decoding=\"async\"  class=\"features-image-cards-featimg\" src=\"https:\/\/takatoa.net\/qai\/wp-content\/uploads\/2022\/08\/2022-08-10_RasQberry_Workspace.png\" alt=\"\"> <div  class=\"features-image-cards-cardtextrow\" data-type=\"column\"> <h4  class=\"\">Arbeitsbereich<\/h4> <p  class=\"\">\u00dcber das Raspberry Pi OS sind verschiedenste Funktionalit\u00e4ten zur Steuerung des Quanten\u00adsimulators verf\u00fcgbar.&nbsp;&nbsp;<\/p>  <\/div> <\/div> <\/div> <div  class=\"features-image-cards-cardcol cp6cols-tablet cp3cols\"> <div  class=\"features-image-cards-cardrow\"><img decoding=\"async\"  class=\"features-image-cards-featimg\" src=\"https:\/\/takatoa.net\/qai\/wp-content\/uploads\/2022\/08\/2022-08-10_RasQberry_BlochSphere.png\" alt=\"\"> <div  class=\"features-image-cards-cardtextrow\" data-type=\"column\"> <h4  class=\"\">Blochkugel<\/h4> <p  class=\"\">Die Blochkugel stellt die \u00dcberlagerungen des&nbsp; Zwei\u00adzustands\u00adsystems eines Qubits als Punkte auf der einer Kugel dar.<\/p>  <\/div> <\/div> <\/div><\/div> <\/div><\/div><div  data-label=\"About us\" data-id=\"about-image-section-pro-2\" data-category=\"about\" class=\"about-image-section-pro about-image-section-pro-2\" id=\"about-us-3\" style=\"background-color: rgb(255, 255, 255); background-image: none;\" data-ovid=\"ovid-about-us-3-4321\"> <div  class=\"gridContainer\"> <div  class=\"row about-image-gridcol-pro\"> <div  class=\"about-image-textcol-pro\" data-type=\"column\">   <\/div> <div  data-type=\"column\" class=\"\"> <div  class=\"spacer\" data-type=\"group\"><span  class=\"fa before\"><\/span><i  class=\"fa fa-ellipsis-h color7\"><\/i><span  class=\"fa after\"><\/span><\/div><p  class=\"\">&nbsp; &nbsp;<\/p> <a class=\"button big color7\" href=\"http:\/\/rasqberry.org\" target=\"_blank\" rel=\"noopener\"><span class=\"button-icon fa fa-arrow-circle-right\" ><\/span>RasQberry.org<\/a><p  class=\"\">&nbsp; &nbsp;&nbsp;<\/p><a class=\"button big color7\" href=\"https:\/\/github.com\/JanLahmann\/RasQberry\" target=\"_blank\" rel=\"noopener\"><span  class=\"button-icon fa fa-arrow-circle-right\"><\/span>RasQberry on GitHub<\/a><p  class=\"\">&nbsp; &nbsp;<\/p><\/div> <\/div> <\/div> <\/div>","protected":false},"excerpt":{"rendered":"<p>RasQberry Quanten\u00adsimulatorDas auf der Quantenmechanik basierende Quanten\u00adcomputing bietet das Potenzial f\u00fcr Anwendungen, die mit klassischen Computern nicht realisierbar sind. Allerdings ist die Technik selbst f\u00fcr viele IT-Experten schwierig zu verstehen. Neue Algorithmen und eine neue Art des Denkens sind erforderlich, um die m\u00f6gliche Leistung der kommenden Quanten\u00ad\u00adcomputer auszusch\u00f6pfen. Dies verlangt auch neue Ans\u00e4tze, Quantencomputing anschaulich&hellip; <br \/> <a class=\"button small blue\" href=\"https:\/\/takatoa.net\/qai\/home\/aside\/quasi\/\">Weiterlesen<\/a><\/p>\n","protected":false},"author":1,"featured_media":0,"parent":501,"menu_order":0,"comment_status":"closed","ping_status":"closed","template":"full-width-page.php","meta":{"footnotes":""},"class_list":["post-3034","page","type-page","status-publish","hentry"],"_links":{"self":[{"href":"https:\/\/takatoa.net\/qai\/wp-json\/wp\/v2\/pages\/3034","targetHints":{"allow":["GET"]}}],"collection":[{"href":"https:\/\/takatoa.net\/qai\/wp-json\/wp\/v2\/pages"}],"about":[{"href":"https:\/\/takatoa.net\/qai\/wp-json\/wp\/v2\/types\/page"}],"author":[{"embeddable":true,"href":"https:\/\/takatoa.net\/qai\/wp-json\/wp\/v2\/users\/1"}],"replies":[{"embeddable":true,"href":"https:\/\/takatoa.net\/qai\/wp-json\/wp\/v2\/comments?post=3034"}],"version-history":[{"count":11,"href":"https:\/\/takatoa.net\/qai\/wp-json\/wp\/v2\/pages\/3034\/revisions"}],"predecessor-version":[{"id":4497,"href":"https:\/\/takatoa.net\/qai\/wp-json\/wp\/v2\/pages\/3034\/revisions\/4497"}],"up":[{"embeddable":true,"href":"https:\/\/takatoa.net\/qai\/wp-json\/wp\/v2\/pages\/501"}],"wp:attachment":[{"href":"https:\/\/takatoa.net\/qai\/wp-json\/wp\/v2\/media?parent=3034"}],"curies":[{"name":"wp","href":"https:\/\/api.w.org\/{rel}","templated":true}]}}