{"id":2934,"date":"2020-01-02T12:00:01","date_gmt":"2020-01-02T11:00:01","guid":{"rendered":"https:\/\/takatoa.net\/qai\/home\/aside1-2\/"},"modified":"2025-09-21T16:04:30","modified_gmt":"2025-09-21T14:04:30","slug":"qugpt","status":"publish","type":"page","link":"https:\/\/takatoa.net\/qai\/home\/qugpt\/","title":{"rendered":"QuGPT"},"content":{"rendered":"<div  data-label=\"About us\" data-id=\"about-image-section-pro-1\" data-category=\"about\" class=\"about-image-section-pro about-image-section-pro-1\" id=\"about-us-1\" style=\"background-color: rgb(255, 255, 255); background-image: none;\" data-ovid=\"ovid-about-us-1-809\"> <div  class=\"\"> <div  class=\"row about-image-gridcol-pro\"> <div  class=\"about-image-textcol-pro\" data-type=\"column\"><h3  class=\"\"><span  style=\"font-weight: 400;\">QuGPT ist ein&nbsp;<\/span><span  style=\"font-weight: 400;\">Dialogsystem auf der Grundlage eines&nbsp;<\/span><span  style=\"font-weight: 400;\">Generative Pre-trained Transformers mit dem der Zugriff auf Fachinformationen aus dem Bereich des Quantencomputings unterst\u00fctzt wird.\n<br >&nbsp;<\/span>\n<\/h3>   <img  decoding=\"async\" class=\"custom-image\" src=\"https:\/\/takatoa.net\/qai\/wp-content\/uploads\/2025\/09\/2025-09-21_QuGPT-1.jpg\" alt=\"\"><p  class=\"\">\n<br >QuGPT ist ein lokal gehostetes Dialogsystem mit kontinuierlich erweiterbaren Inhalten, das die in (PDF-)Dateien enthaltenen Texte, Bilder und Literaturverweise f\u00fcr die Informationsgewinnung und -verarbeitung vorverarbeitet.\n<br ><br >\nQuGPT \u00fcbertr\u00e4gt die eingegebenen Informationen in eine lokal gehostete Redis-Vektordatenbank, auf die clientseitig \u00fcber einen Browser zugegriffen werden kann.\n<br ><br >\nQuGPT verwendet LangChain zur Orchestrierung von LLM, Retrieval und Tools. Die lokale Ausf\u00fchrung des LLM Mistral basiert auf Ollama.<\/p><div  class=\"spacer\" data-type=\"group\"><span  class=\"fa before\"><\/span><i  class=\"fa fa-ellipsis-h color7\"><\/i><span  class=\"fa after\"><\/span><\/div><\/div> <div  data-type=\"column\" class=\"\">  <\/div> <\/div> <\/div> <\/div>","protected":false},"excerpt":{"rendered":"<p>QuGPT ist ein&nbsp;Dialogsystem auf der Grundlage eines&nbsp;Generative Pre-trained Transformers mit dem der Zugriff auf Fachinformationen aus dem Bereich des Quantencomputings unterst\u00fctzt wird. &nbsp; QuGPT ist ein lokal gehostetes Dialogsystem mit kontinuierlich erweiterbaren Inhalten, das die in (PDF-)Dateien enthaltenen Texte, Bilder und Literaturverweise f\u00fcr die Informationsgewinnung und -verarbeitung vorverarbeitet. QuGPT \u00fcbertr\u00e4gt die eingegebenen Informationen in eine&hellip; <br \/> <a class=\"button small blue\" href=\"https:\/\/takatoa.net\/qai\/home\/qugpt\/\">Weiterlesen<\/a><\/p>\n","protected":false},"author":1,"featured_media":0,"parent":37,"menu_order":0,"comment_status":"closed","ping_status":"closed","template":"","meta":{"footnotes":""},"class_list":["post-2934","page","type-page","status-publish","hentry"],"_links":{"self":[{"href":"https:\/\/takatoa.net\/qai\/wp-json\/wp\/v2\/pages\/2934","targetHints":{"allow":["GET"]}}],"collection":[{"href":"https:\/\/takatoa.net\/qai\/wp-json\/wp\/v2\/pages"}],"about":[{"href":"https:\/\/takatoa.net\/qai\/wp-json\/wp\/v2\/types\/page"}],"author":[{"embeddable":true,"href":"https:\/\/takatoa.net\/qai\/wp-json\/wp\/v2\/users\/1"}],"replies":[{"embeddable":true,"href":"https:\/\/takatoa.net\/qai\/wp-json\/wp\/v2\/comments?post=2934"}],"version-history":[{"count":22,"href":"https:\/\/takatoa.net\/qai\/wp-json\/wp\/v2\/pages\/2934\/revisions"}],"predecessor-version":[{"id":4542,"href":"https:\/\/takatoa.net\/qai\/wp-json\/wp\/v2\/pages\/2934\/revisions\/4542"}],"up":[{"embeddable":true,"href":"https:\/\/takatoa.net\/qai\/wp-json\/wp\/v2\/pages\/37"}],"wp:attachment":[{"href":"https:\/\/takatoa.net\/qai\/wp-json\/wp\/v2\/media?parent=2934"}],"curies":[{"name":"wp","href":"https:\/\/api.w.org\/{rel}","templated":true}]}}